{"id":632,"date":"2024-08-13T14:51:09","date_gmt":"2024-08-13T12:51:09","guid":{"rendered":"https:\/\/www.votrepartenairelogistique.com\/?page_id=632"},"modified":"2024-08-13T16:54:14","modified_gmt":"2024-08-13T14:54:14","slug":"pointsretraitscolis","status":"publish","type":"page","link":"https:\/\/www.votrepartenairelogistique.com\/index.php\/pointsretraitscolis\/","title":{"rendered":"pointsretraitscolis"},"content":{"rendered":"\n\t\t\t\t<img fetchpriority=\"high\" decoding=\"async\" src=\"https:\/\/www.votrepartenairelogistique.com\/wp-content\/uploads\/2020\/08\/LOGO-VPL.jpg\" alt=\"LOGO VPL\" itemprop=\"image\" height=\"668\" width=\"593\" title=\"LOGO VPL\" onerror=\"this.style.display='none'\"  \/>\n\t\t\t<a href=\"https:\/\/www.votrepartenairelogistique.com\/index.php\/logistique\/\" target=\"_self\" role=\"button\" rel=\"noopener noreferrer\">\n\t\t\t\t\t\t\tLOGISTIQUE\n\t\t\t\t\t<\/a>\n\t\t\t<a href=\"https:\/\/www.votrepartenairelogistique.com\/index.php\/messagerie\/\" target=\"_self\" role=\"button\" rel=\"noopener noreferrer\">\n\t\t\t\t\t\t\tTRANSPORT\n\t\t\t\t\t<\/a>\n\t\t\t<a href=\"https:\/\/www.votrepartenairelogistique.com\/index.php\/pointsretraitscolis\/\" target=\"_self\" role=\"button\" rel=\"noopener noreferrer\">\n\t\t\t\t\t\t\tPOINTS RETRAITS COLIS\n\t\t\t\t\t<\/a>\n\t\t\t<a href=\"https:\/\/www.votrepartenairelogistique.com\/index.php\/contact\/\" target=\"_self\" role=\"button\" rel=\"noopener noreferrer\">\n\t\t\t\t\t\t\tCONTACT\n\t\t\t\t\t<\/a>\n\t<h2>POINTS DE RETRAITS COLIS<\/h2>\n\t<p>Venez r\u00e9cup\u00e9rer vos commandes internet directement chez nous. Plusieurs relais en un.<\/p>\n&#8211;\t<a href=\"https:\/\/www.ikea.com\/fr\/fr\/\">Ik\u00e9a<\/a><br \/>\n&#8211;\t<a href=\"https:\/\/www.simplyfeu.com\/\">Symplifeu<\/a><br \/>\n&#8211;\tCCV C Chez Vous, vous y retrouverez\n<li><a href=\"https:\/\/www.cdiscount.com\/\">Cdiscount<\/a>\n<li><a href=\"https:\/\/www.leroymerlin.fr\/\">Leroy Merlin<\/a>\n<li><a href=\"https:\/\/www.miliboo.com\/\">Miliboo<\/a>\n<li>\u2026<\/li>\n&#8211;\tRelais Colis Drive (gros colis), comme les meubles <a href=\"https:\/\/www.laredoute.fr\/\">La Redoute<\/a><br \/>\n&#8211;\tPick &#038; Go, Agediss (Auchan)<br \/>\n&#8211;\t<a href=\"https:\/\/www.ups.com\/fr\/fr\/Home.page\">UPS<\/a><br \/>\n&#8211;\t<a href=\"https:\/\/colisprive.fr\/\">Colis Priv\u00e9<\/a>\n","protected":false},"excerpt":{"rendered":"<p>LOGISTIQUE TRANSPORT POINTS RETRAITS COLIS CONTACT POINTS DE RETRAITS COLIS Venez r\u00e9cup\u00e9rer vos commandes internet directement chez nous. Plusieurs relais en un. &#8211; Ik\u00e9a &#8211;&hellip;<\/p>\n","protected":false},"author":1,"featured_media":0,"parent":0,"menu_order":0,"comment_status":"closed","ping_status":"closed","template":"","meta":{"footnotes":""},"class_list":["post-632","page","type-page","status-publish","hentry"],"yoast_head":"<!-- This site is optimized with the Yoast SEO plugin v25.6 - https:\/\/yoast.com\/wordpress\/plugins\/seo\/ -->\n<title>pointsretraitscolis - JOLY Messagerie<\/title>\n<meta name=\"robots\" content=\"index, follow, max-snippet:-1, max-image-preview:large, max-video-preview:-1\" \/>\n<link rel=\"canonical\" href=\"https:\/\/www.votrepartenairelogistique.com\/index.php\/pointsretraitscolis\/\" \/>\n<meta property=\"og:locale\" content=\"fr_FR\" \/>\n<meta property=\"og:type\" content=\"article\" \/>\n<meta property=\"og:title\" content=\"pointsretraitscolis - JOLY Messagerie\" \/>\n<meta property=\"og:description\" content=\"LOGISTIQUE TRANSPORT POINTS RETRAITS COLIS CONTACT POINTS DE RETRAITS COLIS Venez r\u00e9cup\u00e9rer vos commandes internet directement chez nous. Plusieurs relais en un. &#8211; Ik\u00e9a &#8211;&hellip;\" \/>\n<meta property=\"og:url\" content=\"https:\/\/www.votrepartenairelogistique.com\/index.php\/pointsretraitscolis\/\" \/>\n<meta property=\"og:site_name\" content=\"JOLY Messagerie\" \/>\n<meta property=\"article:modified_time\" content=\"2024-08-13T14:54:14+00:00\" \/>\n<meta property=\"og:image\" content=\"https:\/\/www.votrepartenairelogistique.com\/wp-content\/uploads\/2020\/08\/LOGO-VPL.jpg\" \/>\n<meta name=\"twitter:card\" content=\"summary_large_image\" \/>\n<script type=\"application\/ld+json\" class=\"yoast-schema-graph\">{\"@context\":\"https:\/\/schema.org\",\"@graph\":[{\"@type\":\"WebPage\",\"@id\":\"https:\/\/www.votrepartenairelogistique.com\/index.php\/pointsretraitscolis\/\",\"url\":\"https:\/\/www.votrepartenairelogistique.com\/index.php\/pointsretraitscolis\/\",\"name\":\"pointsretraitscolis - JOLY Messagerie\",\"isPartOf\":{\"@id\":\"https:\/\/www.votrepartenairelogistique.com\/#website\"},\"primaryImageOfPage\":{\"@id\":\"https:\/\/www.votrepartenairelogistique.com\/index.php\/pointsretraitscolis\/#primaryimage\"},\"image\":{\"@id\":\"https:\/\/www.votrepartenairelogistique.com\/index.php\/pointsretraitscolis\/#primaryimage\"},\"thumbnailUrl\":\"https:\/\/www.votrepartenairelogistique.com\/wp-content\/uploads\/2020\/08\/LOGO-VPL.jpg\",\"datePublished\":\"2024-08-13T12:51:09+00:00\",\"dateModified\":\"2024-08-13T14:54:14+00:00\",\"breadcrumb\":{\"@id\":\"https:\/\/www.votrepartenairelogistique.com\/index.php\/pointsretraitscolis\/#breadcrumb\"},\"inLanguage\":\"fr-FR\",\"potentialAction\":[{\"@type\":\"ReadAction\",\"target\":[\"https:\/\/www.votrepartenairelogistique.com\/index.php\/pointsretraitscolis\/\"]}]},{\"@type\":\"ImageObject\",\"inLanguage\":\"fr-FR\",\"@id\":\"https:\/\/www.votrepartenairelogistique.com\/index.php\/pointsretraitscolis\/#primaryimage\",\"url\":\"https:\/\/www.votrepartenairelogistique.com\/wp-content\/uploads\/2020\/08\/LOGO-VPL.jpg\",\"contentUrl\":\"https:\/\/www.votrepartenairelogistique.com\/wp-content\/uploads\/2020\/08\/LOGO-VPL.jpg\",\"width\":593,\"height\":668},{\"@type\":\"BreadcrumbList\",\"@id\":\"https:\/\/www.votrepartenairelogistique.com\/index.php\/pointsretraitscolis\/#breadcrumb\",\"itemListElement\":[{\"@type\":\"ListItem\",\"position\":1,\"name\":\"Accueil\",\"item\":\"https:\/\/www.votrepartenairelogistique.com\/\"},{\"@type\":\"ListItem\",\"position\":2,\"name\":\"pointsretraitscolis\"}]},{\"@type\":\"WebSite\",\"@id\":\"https:\/\/www.votrepartenairelogistique.com\/#website\",\"url\":\"https:\/\/www.votrepartenairelogistique.com\/\",\"name\":\"JOLY Messagerie\",\"description\":\"\",\"potentialAction\":[{\"@type\":\"SearchAction\",\"target\":{\"@type\":\"EntryPoint\",\"urlTemplate\":\"https:\/\/www.votrepartenairelogistique.com\/?s={search_term_string}\"},\"query-input\":{\"@type\":\"PropertyValueSpecification\",\"valueRequired\":true,\"valueName\":\"search_term_string\"}}],\"inLanguage\":\"fr-FR\"}]}<\/script>\n<!-- \/ Yoast SEO plugin. -->","yoast_head_json":{"title":"pointsretraitscolis - JOLY Messagerie","robots":{"index":"index","follow":"follow","max-snippet":"max-snippet:-1","max-image-preview":"max-image-preview:large","max-video-preview":"max-video-preview:-1"},"canonical":"https:\/\/www.votrepartenairelogistique.com\/index.php\/pointsretraitscolis\/","og_locale":"fr_FR","og_type":"article","og_title":"pointsretraitscolis - JOLY Messagerie","og_description":"LOGISTIQUE TRANSPORT POINTS RETRAITS COLIS CONTACT POINTS DE RETRAITS COLIS Venez r\u00e9cup\u00e9rer vos commandes internet directement chez nous. Plusieurs relais en un. &#8211; Ik\u00e9a &#8211;&hellip;","og_url":"https:\/\/www.votrepartenairelogistique.com\/index.php\/pointsretraitscolis\/","og_site_name":"JOLY Messagerie","article_modified_time":"2024-08-13T14:54:14+00:00","og_image":[{"url":"https:\/\/www.votrepartenairelogistique.com\/wp-content\/uploads\/2020\/08\/LOGO-VPL.jpg","type":"","width":"","height":""}],"twitter_card":"summary_large_image","schema":{"@context":"https:\/\/schema.org","@graph":[{"@type":"WebPage","@id":"https:\/\/www.votrepartenairelogistique.com\/index.php\/pointsretraitscolis\/","url":"https:\/\/www.votrepartenairelogistique.com\/index.php\/pointsretraitscolis\/","name":"pointsretraitscolis - JOLY Messagerie","isPartOf":{"@id":"https:\/\/www.votrepartenairelogistique.com\/#website"},"primaryImageOfPage":{"@id":"https:\/\/www.votrepartenairelogistique.com\/index.php\/pointsretraitscolis\/#primaryimage"},"image":{"@id":"https:\/\/www.votrepartenairelogistique.com\/index.php\/pointsretraitscolis\/#primaryimage"},"thumbnailUrl":"https:\/\/www.votrepartenairelogistique.com\/wp-content\/uploads\/2020\/08\/LOGO-VPL.jpg","datePublished":"2024-08-13T12:51:09+00:00","dateModified":"2024-08-13T14:54:14+00:00","breadcrumb":{"@id":"https:\/\/www.votrepartenairelogistique.com\/index.php\/pointsretraitscolis\/#breadcrumb"},"inLanguage":"fr-FR","potentialAction":[{"@type":"ReadAction","target":["https:\/\/www.votrepartenairelogistique.com\/index.php\/pointsretraitscolis\/"]}]},{"@type":"ImageObject","inLanguage":"fr-FR","@id":"https:\/\/www.votrepartenairelogistique.com\/index.php\/pointsretraitscolis\/#primaryimage","url":"https:\/\/www.votrepartenairelogistique.com\/wp-content\/uploads\/2020\/08\/LOGO-VPL.jpg","contentUrl":"https:\/\/www.votrepartenairelogistique.com\/wp-content\/uploads\/2020\/08\/LOGO-VPL.jpg","width":593,"height":668},{"@type":"BreadcrumbList","@id":"https:\/\/www.votrepartenairelogistique.com\/index.php\/pointsretraitscolis\/#breadcrumb","itemListElement":[{"@type":"ListItem","position":1,"name":"Accueil","item":"https:\/\/www.votrepartenairelogistique.com\/"},{"@type":"ListItem","position":2,"name":"pointsretraitscolis"}]},{"@type":"WebSite","@id":"https:\/\/www.votrepartenairelogistique.com\/#website","url":"https:\/\/www.votrepartenairelogistique.com\/","name":"JOLY Messagerie","description":"","potentialAction":[{"@type":"SearchAction","target":{"@type":"EntryPoint","urlTemplate":"https:\/\/www.votrepartenairelogistique.com\/?s={search_term_string}"},"query-input":{"@type":"PropertyValueSpecification","valueRequired":true,"valueName":"search_term_string"}}],"inLanguage":"fr-FR"}]}},"_links":{"self":[{"href":"https:\/\/www.votrepartenairelogistique.com\/index.php\/wp-json\/wp\/v2\/pages\/632","targetHints":{"allow":["GET"]}}],"collection":[{"href":"https:\/\/www.votrepartenairelogistique.com\/index.php\/wp-json\/wp\/v2\/pages"}],"about":[{"href":"https:\/\/www.votrepartenairelogistique.com\/index.php\/wp-json\/wp\/v2\/types\/page"}],"author":[{"embeddable":true,"href":"https:\/\/www.votrepartenairelogistique.com\/index.php\/wp-json\/wp\/v2\/users\/1"}],"replies":[{"embeddable":true,"href":"https:\/\/www.votrepartenairelogistique.com\/index.php\/wp-json\/wp\/v2\/comments?post=632"}],"version-history":[{"count":7,"href":"https:\/\/www.votrepartenairelogistique.com\/index.php\/wp-json\/wp\/v2\/pages\/632\/revisions"}],"predecessor-version":[{"id":662,"href":"https:\/\/www.votrepartenairelogistique.com\/index.php\/wp-json\/wp\/v2\/pages\/632\/revisions\/662"}],"wp:attachment":[{"href":"https:\/\/www.votrepartenairelogistique.com\/index.php\/wp-json\/wp\/v2\/media?parent=632"}],"curies":[{"name":"wp","href":"https:\/\/api.w.org\/{rel}","templated":true}]}}