{"id":549,"date":"2020-09-09T10:51:57","date_gmt":"2020-09-09T08:51:57","guid":{"rendered":"https:\/\/www.votrepartenairelogistique.com\/?page_id=549"},"modified":"2024-08-13T12:23:21","modified_gmt":"2024-08-13T10:23:21","slug":"accueil","status":"publish","type":"page","link":"https:\/\/www.votrepartenairelogistique.com\/","title":{"rendered":"Accueil"},"content":{"rendered":"\n\t\t\t\t<a href=\"https:\/\/www.votrepartenairelogistique.com\/index.php\/logistique\/\" target=\"_self\" itemprop=\"url\" rel=\"noopener noreferrer\">\n\t\t\t\t<img fetchpriority=\"high\" decoding=\"async\" src=\"https:\/\/www.votrepartenairelogistique.com\/wp-content\/uploads\/2020\/09\/LOGO-VPL2.png\" alt=\"LOGO VPL2\" itemprop=\"image\" height=\"668\" width=\"593\" title=\"LOGO VPL2\" onerror=\"this.style.display='none'\"  \/>\n\t\t\t\t<\/a>\n\t\t\t\t<img decoding=\"async\" src=\"https:\/\/www.votrepartenairelogistique.com\/wp-content\/plugins\/bb-plugin\/img\/pixel.png\" alt=\"\" itemprop=\"image\" onerror=\"this.style.display='none'\"  \/>\n\t\t\t\t<a href=\"https:\/\/www.votrepartenairelogistique.com\/index.php\/messagerie\/\" target=\"_self\" itemprop=\"url\" rel=\"noopener noreferrer\">\n\t\t\t\t<img decoding=\"async\" src=\"https:\/\/www.votrepartenairelogistique.com\/wp-content\/uploads\/2020\/09\/logo2.png\" alt=\"logo2\" itemprop=\"image\" height=\"733\" width=\"650\" title=\"logo2\" onerror=\"this.style.display='none'\"  \/>\n\t\t\t\t<\/a>\n\t<p><strong><\/p>\nVanessa POUPELAIN apr\u00e8s des \u00e9tudes de comptabilit\u00e9 cr\u00e9\u00e9e une entreprise de transport JOLY Messagerie en 2013 puis en 2020 une entreprise de logistique avec la soci\u00e9t\u00e9 VPL Votre Partenaire Logistique.<br \/>\nRetrouvez nos differentes activit\u00e9s, la logistique, le transport et le point de retrait.\n<p><\/strong><\/p>\n","protected":false},"excerpt":{"rendered":"<p>Vanessa POUPELAIN apr\u00e8s des \u00e9tudes de comptabilit\u00e9 cr\u00e9\u00e9e une entreprise de transport JOLY Messagerie en 2013 puis en 2020 une entreprise de logistique avec la&hellip;<\/p>\n","protected":false},"author":2,"featured_media":0,"parent":0,"menu_order":0,"comment_status":"closed","ping_status":"closed","template":"","meta":{"footnotes":""},"class_list":["post-549","page","type-page","status-publish","hentry"],"yoast_head":"<!-- This site is optimized with the Yoast SEO plugin v25.6 - https:\/\/yoast.com\/wordpress\/plugins\/seo\/ -->\n<title>Accueil - JOLY Messagerie<\/title>\n<meta name=\"robots\" content=\"index, follow, max-snippet:-1, max-image-preview:large, max-video-preview:-1\" \/>\n<link rel=\"canonical\" href=\"https:\/\/www.votrepartenairelogistique.com\/\" \/>\n<meta property=\"og:locale\" content=\"fr_FR\" \/>\n<meta property=\"og:type\" content=\"article\" \/>\n<meta property=\"og:title\" content=\"Accueil - JOLY Messagerie\" \/>\n<meta property=\"og:description\" content=\"Vanessa POUPELAIN apr\u00e8s des \u00e9tudes de comptabilit\u00e9 cr\u00e9\u00e9e une entreprise de transport JOLY Messagerie en 2013 puis en 2020 une entreprise de logistique avec la&hellip;\" \/>\n<meta property=\"og:url\" content=\"https:\/\/www.votrepartenairelogistique.com\/\" \/>\n<meta property=\"og:site_name\" content=\"JOLY Messagerie\" \/>\n<meta property=\"article:modified_time\" content=\"2024-08-13T10:23:21+00:00\" \/>\n<meta property=\"og:image\" content=\"https:\/\/www.votrepartenairelogistique.com\/wp-content\/uploads\/2020\/09\/LOGO-VPL2.png\" \/>\n<meta name=\"twitter:card\" content=\"summary_large_image\" \/>\n<script type=\"application\/ld+json\" class=\"yoast-schema-graph\">{\"@context\":\"https:\/\/schema.org\",\"@graph\":[{\"@type\":\"WebPage\",\"@id\":\"https:\/\/www.votrepartenairelogistique.com\/\",\"url\":\"https:\/\/www.votrepartenairelogistique.com\/\",\"name\":\"Accueil - JOLY Messagerie\",\"isPartOf\":{\"@id\":\"https:\/\/www.votrepartenairelogistique.com\/#website\"},\"primaryImageOfPage\":{\"@id\":\"https:\/\/www.votrepartenairelogistique.com\/#primaryimage\"},\"image\":{\"@id\":\"https:\/\/www.votrepartenairelogistique.com\/#primaryimage\"},\"thumbnailUrl\":\"https:\/\/www.votrepartenairelogistique.com\/wp-content\/uploads\/2020\/09\/LOGO-VPL2.png\",\"datePublished\":\"2020-09-09T08:51:57+00:00\",\"dateModified\":\"2024-08-13T10:23:21+00:00\",\"breadcrumb\":{\"@id\":\"https:\/\/www.votrepartenairelogistique.com\/#breadcrumb\"},\"inLanguage\":\"fr-FR\",\"potentialAction\":[{\"@type\":\"ReadAction\",\"target\":[\"https:\/\/www.votrepartenairelogistique.com\/\"]}]},{\"@type\":\"ImageObject\",\"inLanguage\":\"fr-FR\",\"@id\":\"https:\/\/www.votrepartenairelogistique.com\/#primaryimage\",\"url\":\"https:\/\/www.votrepartenairelogistique.com\/wp-content\/uploads\/2020\/09\/LOGO-VPL2.png\",\"contentUrl\":\"https:\/\/www.votrepartenairelogistique.com\/wp-content\/uploads\/2020\/09\/LOGO-VPL2.png\",\"width\":593,\"height\":668},{\"@type\":\"BreadcrumbList\",\"@id\":\"https:\/\/www.votrepartenairelogistique.com\/#breadcrumb\",\"itemListElement\":[{\"@type\":\"ListItem\",\"position\":1,\"name\":\"Accueil\",\"item\":\"https:\/\/www.votrepartenairelogistique.com\/\"},{\"@type\":\"ListItem\",\"position\":2,\"name\":\"Accueil\"}]},{\"@type\":\"WebSite\",\"@id\":\"https:\/\/www.votrepartenairelogistique.com\/#website\",\"url\":\"https:\/\/www.votrepartenairelogistique.com\/\",\"name\":\"JOLY Messagerie\",\"description\":\"\",\"potentialAction\":[{\"@type\":\"SearchAction\",\"target\":{\"@type\":\"EntryPoint\",\"urlTemplate\":\"https:\/\/www.votrepartenairelogistique.com\/?s={search_term_string}\"},\"query-input\":{\"@type\":\"PropertyValueSpecification\",\"valueRequired\":true,\"valueName\":\"search_term_string\"}}],\"inLanguage\":\"fr-FR\"}]}<\/script>\n<!-- \/ Yoast SEO plugin. -->","yoast_head_json":{"title":"Accueil - JOLY Messagerie","robots":{"index":"index","follow":"follow","max-snippet":"max-snippet:-1","max-image-preview":"max-image-preview:large","max-video-preview":"max-video-preview:-1"},"canonical":"https:\/\/www.votrepartenairelogistique.com\/","og_locale":"fr_FR","og_type":"article","og_title":"Accueil - JOLY Messagerie","og_description":"Vanessa POUPELAIN apr\u00e8s des \u00e9tudes de comptabilit\u00e9 cr\u00e9\u00e9e une entreprise de transport JOLY Messagerie en 2013 puis en 2020 une entreprise de logistique avec la&hellip;","og_url":"https:\/\/www.votrepartenairelogistique.com\/","og_site_name":"JOLY Messagerie","article_modified_time":"2024-08-13T10:23:21+00:00","og_image":[{"url":"https:\/\/www.votrepartenairelogistique.com\/wp-content\/uploads\/2020\/09\/LOGO-VPL2.png","type":"","width":"","height":""}],"twitter_card":"summary_large_image","schema":{"@context":"https:\/\/schema.org","@graph":[{"@type":"WebPage","@id":"https:\/\/www.votrepartenairelogistique.com\/","url":"https:\/\/www.votrepartenairelogistique.com\/","name":"Accueil - JOLY Messagerie","isPartOf":{"@id":"https:\/\/www.votrepartenairelogistique.com\/#website"},"primaryImageOfPage":{"@id":"https:\/\/www.votrepartenairelogistique.com\/#primaryimage"},"image":{"@id":"https:\/\/www.votrepartenairelogistique.com\/#primaryimage"},"thumbnailUrl":"https:\/\/www.votrepartenairelogistique.com\/wp-content\/uploads\/2020\/09\/LOGO-VPL2.png","datePublished":"2020-09-09T08:51:57+00:00","dateModified":"2024-08-13T10:23:21+00:00","breadcrumb":{"@id":"https:\/\/www.votrepartenairelogistique.com\/#breadcrumb"},"inLanguage":"fr-FR","potentialAction":[{"@type":"ReadAction","target":["https:\/\/www.votrepartenairelogistique.com\/"]}]},{"@type":"ImageObject","inLanguage":"fr-FR","@id":"https:\/\/www.votrepartenairelogistique.com\/#primaryimage","url":"https:\/\/www.votrepartenairelogistique.com\/wp-content\/uploads\/2020\/09\/LOGO-VPL2.png","contentUrl":"https:\/\/www.votrepartenairelogistique.com\/wp-content\/uploads\/2020\/09\/LOGO-VPL2.png","width":593,"height":668},{"@type":"BreadcrumbList","@id":"https:\/\/www.votrepartenairelogistique.com\/#breadcrumb","itemListElement":[{"@type":"ListItem","position":1,"name":"Accueil","item":"https:\/\/www.votrepartenairelogistique.com\/"},{"@type":"ListItem","position":2,"name":"Accueil"}]},{"@type":"WebSite","@id":"https:\/\/www.votrepartenairelogistique.com\/#website","url":"https:\/\/www.votrepartenairelogistique.com\/","name":"JOLY Messagerie","description":"","potentialAction":[{"@type":"SearchAction","target":{"@type":"EntryPoint","urlTemplate":"https:\/\/www.votrepartenairelogistique.com\/?s={search_term_string}"},"query-input":{"@type":"PropertyValueSpecification","valueRequired":true,"valueName":"search_term_string"}}],"inLanguage":"fr-FR"}]}},"_links":{"self":[{"href":"https:\/\/www.votrepartenairelogistique.com\/index.php\/wp-json\/wp\/v2\/pages\/549","targetHints":{"allow":["GET"]}}],"collection":[{"href":"https:\/\/www.votrepartenairelogistique.com\/index.php\/wp-json\/wp\/v2\/pages"}],"about":[{"href":"https:\/\/www.votrepartenairelogistique.com\/index.php\/wp-json\/wp\/v2\/types\/page"}],"author":[{"embeddable":true,"href":"https:\/\/www.votrepartenairelogistique.com\/index.php\/wp-json\/wp\/v2\/users\/2"}],"replies":[{"embeddable":true,"href":"https:\/\/www.votrepartenairelogistique.com\/index.php\/wp-json\/wp\/v2\/comments?post=549"}],"version-history":[{"count":8,"href":"https:\/\/www.votrepartenairelogistique.com\/index.php\/wp-json\/wp\/v2\/pages\/549\/revisions"}],"predecessor-version":[{"id":606,"href":"https:\/\/www.votrepartenairelogistique.com\/index.php\/wp-json\/wp\/v2\/pages\/549\/revisions\/606"}],"wp:attachment":[{"href":"https:\/\/www.votrepartenairelogistique.com\/index.php\/wp-json\/wp\/v2\/media?parent=549"}],"curies":[{"name":"wp","href":"https:\/\/api.w.org\/{rel}","templated":true}]}}