{"id":459,"date":"2020-09-03T17:26:41","date_gmt":"2020-09-03T15:26:41","guid":{"rendered":"https:\/\/www.votrepartenairelogistique.com\/?page_id=459"},"modified":"2025-07-30T20:31:57","modified_gmt":"2025-07-30T18:31:57","slug":"logistique","status":"publish","type":"page","link":"https:\/\/www.votrepartenairelogistique.com\/index.php\/logistique\/","title":{"rendered":"Logistique"},"content":{"rendered":"\n\t\t\t\t<img fetchpriority=\"high\" decoding=\"async\" src=\"https:\/\/www.votrepartenairelogistique.com\/wp-content\/uploads\/2020\/08\/LOGO-VPL.jpg\" alt=\"LOGO VPL\" itemprop=\"image\" height=\"668\" width=\"593\" title=\"LOGO VPL\" onerror=\"this.style.display='none'\"  \/>\n\t\t\t<a href=\"https:\/\/www.votrepartenairelogistique.com\/index.php\/logistique\/\" target=\"_self\" role=\"button\">\n\t\t\t\t\t\t\tLOGISTIQUE\n\t\t\t\t\t<\/a>\n\t\t\t<a href=\"https:\/\/www.votrepartenairelogistique.com\/index.php\/messagerie\/\" target=\"_self\" role=\"button\">\n\t\t\t\t\t\t\tTRANSPORT\n\t\t\t\t\t<\/a>\n\t\t\t<a href=\"https:\/\/www.votrepartenairelogistique.com\/index.php\/pointsretraitscolis\/\" target=\"_self\" role=\"button\">\n\t\t\t\t\t\t\tPOINTS RETRAITS COLIS\n\t\t\t\t\t<\/a>\n\t\t\t<a href=\"https:\/\/www.votrepartenairelogistique.com\/index.php\/contact\/\" target=\"_self\" role=\"button\">\n\t\t\t\t\t\t\tCONTACT\n\t\t\t\t\t<\/a>\n\t<h2>Votre Partenaire Logistique<br \/>\n<\/h2>\n\t<p>Externalis\u00e9e sa logistique vous permet de ma\u00eetriser les co\u00fbts, un gain de temps et de place afin de vous concentrer sur votre activit\u00e9 principal le d\u00e9veloppement de votre soci\u00e9t\u00e9<\/p>\n\t<p><center><\/p>\n<h3>Le stockage<\/h3>\n<p><\/center><\/p>\n\t<p>Nous r\u00e9ceptionnons et stockons vos marchandises, pour une courte ou longue dur\u00e9e.<\/p>\n<ul>\n<li><strong>Vous \u00eates artisans :<\/strong> pas le temps de r\u00e9ceptionner vos commandes, vous \u00eates sur les chantiers, ne perdez plus votre temps \u00e0 attendre vos colis. Nous vous accompagnons en r\u00e9ceptionnant vos marchandises et en les stockant jusqu\u2019au jour de votre besoin<\/li>\n<p>\t<strong><\/p>\n<li>\nVous \u00eates commer\u00e7ants : <\/strong>vous souhaitez commander en gros pour b\u00e9n\u00e9ficier d\u2019un tarif pr\u00e9f\u00e9rentiel mais vous ne pouvez pas stocker ? Nous pouvons stocker \u00e0 votre place.<\/li>\n<\/ul>\n\t\t\t\t<img decoding=\"async\" src=\"https:\/\/www.votrepartenairelogistique.com\/wp-content\/uploads\/2021\/06\/apero1-min-scaled.jpeg\" alt=\"apero1-min\" itemprop=\"image\" height=\"1920\" width=\"2560\" title=\"apero1-min\" onerror=\"this.style.display='none'\"  \/>\n\t\t\t\t<img decoding=\"async\" src=\"https:\/\/www.votrepartenairelogistique.com\/wp-content\/uploads\/2021\/06\/inauguration1-min-scaled.jpeg\" alt=\"inauguration1-min\" itemprop=\"image\" height=\"2560\" width=\"1920\" title=\"inauguration1-min\" onerror=\"this.style.display='none'\"  \/>\n\t<p><center><\/p>\n<h3>Pr\u00e9paration et exp\u00e9ditions<\/h3>\n<\/center><br \/>\nL\u2019envoi et le traitement de colis peuvent para\u00eetre simple \u00e0 premi\u00e8re vue. Cependant lorsque les volumes de colis augmentent et que les d\u00e9lais d\u2019envoi sont r\u00e9duits tout devient plus compliqu\u00e9. C\u2019est pourquoi il est souvent pertinent de d\u00e9l\u00e9guer certaines t\u00e2ches logistiques pour vous concentrer sur votre c\u0153ur de m\u00e9tier et vous focaliser sur les aspects de gestion, de commercialisation, de d\u00e9veloppement ou encore de strat\u00e9gie.\n<ul>\n<li>Nous stockons vos produits<\/li>\n<li>Nous pr\u00e9parons vos commandes<\/li>\n<li>Nous exp\u00e9dions celles-ci<\/li>\n<\/ul>\n","protected":false},"excerpt":{"rendered":"<p>LOGISTIQUE TRANSPORT POINTS RETRAITS COLIS CONTACT Votre Partenaire Logistique Externalis\u00e9e sa logistique vous permet de ma\u00eetriser les co\u00fbts, un gain de temps et de place&hellip;<\/p>\n","protected":false},"author":2,"featured_media":0,"parent":0,"menu_order":0,"comment_status":"closed","ping_status":"closed","template":"","meta":{"footnotes":""},"class_list":["post-459","page","type-page","status-publish","hentry"],"yoast_head":"<!-- This site is optimized with the Yoast SEO plugin v25.6 - https:\/\/yoast.com\/wordpress\/plugins\/seo\/ -->\n<title>Logistique - JOLY Messagerie<\/title>\n<meta name=\"robots\" content=\"index, follow, max-snippet:-1, max-image-preview:large, max-video-preview:-1\" \/>\n<link rel=\"canonical\" href=\"https:\/\/www.votrepartenairelogistique.com\/index.php\/logistique\/\" \/>\n<meta property=\"og:locale\" content=\"fr_FR\" \/>\n<meta property=\"og:type\" content=\"article\" \/>\n<meta property=\"og:title\" content=\"Logistique - JOLY Messagerie\" \/>\n<meta property=\"og:description\" content=\"LOGISTIQUE TRANSPORT POINTS RETRAITS COLIS CONTACT Votre Partenaire Logistique Externalis\u00e9e sa logistique vous permet de ma\u00eetriser les co\u00fbts, un gain de temps et de place&hellip;\" \/>\n<meta property=\"og:url\" content=\"https:\/\/www.votrepartenairelogistique.com\/index.php\/logistique\/\" \/>\n<meta property=\"og:site_name\" content=\"JOLY Messagerie\" \/>\n<meta property=\"article:modified_time\" content=\"2025-07-30T18:31:57+00:00\" \/>\n<meta property=\"og:image\" content=\"https:\/\/www.votrepartenairelogistique.com\/wp-content\/uploads\/2020\/08\/LOGO-VPL.jpg\" \/>\n<meta name=\"twitter:card\" content=\"summary_large_image\" \/>\n<meta name=\"twitter:label1\" content=\"Dur\u00e9e de lecture estim\u00e9e\" \/>\n\t<meta name=\"twitter:data1\" content=\"1 minute\" \/>\n<script type=\"application\/ld+json\" class=\"yoast-schema-graph\">{\"@context\":\"https:\/\/schema.org\",\"@graph\":[{\"@type\":\"WebPage\",\"@id\":\"https:\/\/www.votrepartenairelogistique.com\/index.php\/logistique\/\",\"url\":\"https:\/\/www.votrepartenairelogistique.com\/index.php\/logistique\/\",\"name\":\"Logistique - JOLY Messagerie\",\"isPartOf\":{\"@id\":\"https:\/\/www.votrepartenairelogistique.com\/#website\"},\"primaryImageOfPage\":{\"@id\":\"https:\/\/www.votrepartenairelogistique.com\/index.php\/logistique\/#primaryimage\"},\"image\":{\"@id\":\"https:\/\/www.votrepartenairelogistique.com\/index.php\/logistique\/#primaryimage\"},\"thumbnailUrl\":\"https:\/\/www.votrepartenairelogistique.com\/wp-content\/uploads\/2020\/08\/LOGO-VPL.jpg\",\"datePublished\":\"2020-09-03T15:26:41+00:00\",\"dateModified\":\"2025-07-30T18:31:57+00:00\",\"breadcrumb\":{\"@id\":\"https:\/\/www.votrepartenairelogistique.com\/index.php\/logistique\/#breadcrumb\"},\"inLanguage\":\"fr-FR\",\"potentialAction\":[{\"@type\":\"ReadAction\",\"target\":[\"https:\/\/www.votrepartenairelogistique.com\/index.php\/logistique\/\"]}]},{\"@type\":\"ImageObject\",\"inLanguage\":\"fr-FR\",\"@id\":\"https:\/\/www.votrepartenairelogistique.com\/index.php\/logistique\/#primaryimage\",\"url\":\"https:\/\/www.votrepartenairelogistique.com\/wp-content\/uploads\/2020\/08\/LOGO-VPL.jpg\",\"contentUrl\":\"https:\/\/www.votrepartenairelogistique.com\/wp-content\/uploads\/2020\/08\/LOGO-VPL.jpg\",\"width\":593,\"height\":668},{\"@type\":\"BreadcrumbList\",\"@id\":\"https:\/\/www.votrepartenairelogistique.com\/index.php\/logistique\/#breadcrumb\",\"itemListElement\":[{\"@type\":\"ListItem\",\"position\":1,\"name\":\"Accueil\",\"item\":\"https:\/\/www.votrepartenairelogistique.com\/\"},{\"@type\":\"ListItem\",\"position\":2,\"name\":\"Logistique\"}]},{\"@type\":\"WebSite\",\"@id\":\"https:\/\/www.votrepartenairelogistique.com\/#website\",\"url\":\"https:\/\/www.votrepartenairelogistique.com\/\",\"name\":\"JOLY Messagerie\",\"description\":\"\",\"potentialAction\":[{\"@type\":\"SearchAction\",\"target\":{\"@type\":\"EntryPoint\",\"urlTemplate\":\"https:\/\/www.votrepartenairelogistique.com\/?s={search_term_string}\"},\"query-input\":{\"@type\":\"PropertyValueSpecification\",\"valueRequired\":true,\"valueName\":\"search_term_string\"}}],\"inLanguage\":\"fr-FR\"}]}<\/script>\n<!-- \/ Yoast SEO plugin. -->","yoast_head_json":{"title":"Logistique - JOLY Messagerie","robots":{"index":"index","follow":"follow","max-snippet":"max-snippet:-1","max-image-preview":"max-image-preview:large","max-video-preview":"max-video-preview:-1"},"canonical":"https:\/\/www.votrepartenairelogistique.com\/index.php\/logistique\/","og_locale":"fr_FR","og_type":"article","og_title":"Logistique - JOLY Messagerie","og_description":"LOGISTIQUE TRANSPORT POINTS RETRAITS COLIS CONTACT Votre Partenaire Logistique Externalis\u00e9e sa logistique vous permet de ma\u00eetriser les co\u00fbts, un gain de temps et de place&hellip;","og_url":"https:\/\/www.votrepartenairelogistique.com\/index.php\/logistique\/","og_site_name":"JOLY Messagerie","article_modified_time":"2025-07-30T18:31:57+00:00","og_image":[{"url":"https:\/\/www.votrepartenairelogistique.com\/wp-content\/uploads\/2020\/08\/LOGO-VPL.jpg","type":"","width":"","height":""}],"twitter_card":"summary_large_image","twitter_misc":{"Dur\u00e9e de lecture estim\u00e9e":"1 minute"},"schema":{"@context":"https:\/\/schema.org","@graph":[{"@type":"WebPage","@id":"https:\/\/www.votrepartenairelogistique.com\/index.php\/logistique\/","url":"https:\/\/www.votrepartenairelogistique.com\/index.php\/logistique\/","name":"Logistique - JOLY Messagerie","isPartOf":{"@id":"https:\/\/www.votrepartenairelogistique.com\/#website"},"primaryImageOfPage":{"@id":"https:\/\/www.votrepartenairelogistique.com\/index.php\/logistique\/#primaryimage"},"image":{"@id":"https:\/\/www.votrepartenairelogistique.com\/index.php\/logistique\/#primaryimage"},"thumbnailUrl":"https:\/\/www.votrepartenairelogistique.com\/wp-content\/uploads\/2020\/08\/LOGO-VPL.jpg","datePublished":"2020-09-03T15:26:41+00:00","dateModified":"2025-07-30T18:31:57+00:00","breadcrumb":{"@id":"https:\/\/www.votrepartenairelogistique.com\/index.php\/logistique\/#breadcrumb"},"inLanguage":"fr-FR","potentialAction":[{"@type":"ReadAction","target":["https:\/\/www.votrepartenairelogistique.com\/index.php\/logistique\/"]}]},{"@type":"ImageObject","inLanguage":"fr-FR","@id":"https:\/\/www.votrepartenairelogistique.com\/index.php\/logistique\/#primaryimage","url":"https:\/\/www.votrepartenairelogistique.com\/wp-content\/uploads\/2020\/08\/LOGO-VPL.jpg","contentUrl":"https:\/\/www.votrepartenairelogistique.com\/wp-content\/uploads\/2020\/08\/LOGO-VPL.jpg","width":593,"height":668},{"@type":"BreadcrumbList","@id":"https:\/\/www.votrepartenairelogistique.com\/index.php\/logistique\/#breadcrumb","itemListElement":[{"@type":"ListItem","position":1,"name":"Accueil","item":"https:\/\/www.votrepartenairelogistique.com\/"},{"@type":"ListItem","position":2,"name":"Logistique"}]},{"@type":"WebSite","@id":"https:\/\/www.votrepartenairelogistique.com\/#website","url":"https:\/\/www.votrepartenairelogistique.com\/","name":"JOLY Messagerie","description":"","potentialAction":[{"@type":"SearchAction","target":{"@type":"EntryPoint","urlTemplate":"https:\/\/www.votrepartenairelogistique.com\/?s={search_term_string}"},"query-input":{"@type":"PropertyValueSpecification","valueRequired":true,"valueName":"search_term_string"}}],"inLanguage":"fr-FR"}]}},"_links":{"self":[{"href":"https:\/\/www.votrepartenairelogistique.com\/index.php\/wp-json\/wp\/v2\/pages\/459","targetHints":{"allow":["GET"]}}],"collection":[{"href":"https:\/\/www.votrepartenairelogistique.com\/index.php\/wp-json\/wp\/v2\/pages"}],"about":[{"href":"https:\/\/www.votrepartenairelogistique.com\/index.php\/wp-json\/wp\/v2\/types\/page"}],"author":[{"embeddable":true,"href":"https:\/\/www.votrepartenairelogistique.com\/index.php\/wp-json\/wp\/v2\/users\/2"}],"replies":[{"embeddable":true,"href":"https:\/\/www.votrepartenairelogistique.com\/index.php\/wp-json\/wp\/v2\/comments?post=459"}],"version-history":[{"count":29,"href":"https:\/\/www.votrepartenairelogistique.com\/index.php\/wp-json\/wp\/v2\/pages\/459\/revisions"}],"predecessor-version":[{"id":664,"href":"https:\/\/www.votrepartenairelogistique.com\/index.php\/wp-json\/wp\/v2\/pages\/459\/revisions\/664"}],"wp:attachment":[{"href":"https:\/\/www.votrepartenairelogistique.com\/index.php\/wp-json\/wp\/v2\/media?parent=459"}],"curies":[{"name":"wp","href":"https:\/\/api.w.org\/{rel}","templated":true}]}}